{"id":25643,"date":"2013-09-15T20:13:08","date_gmt":"2013-09-15T23:13:08","guid":{"rendered":"http:\/\/ccs2.ufpel.edu.br\/wp\/?page_id=25643"},"modified":"2025-02-14T11:30:43","modified_gmt":"2025-02-14T14:30:43","slug":"nucleo-de-comunicacao-institucional","status":"publish","type":"page","link":"https:\/\/ccs2.ufpel.edu.br\/wp\/nucleo-de-comunicacao-institucional\/","title":{"rendered":"N\u00facleo Comunica\u00e7\u00e3o Institucional"},"content":{"rendered":"<p>O N\u00facleo de Comunica\u00e7\u00e3o Institucional \u00e9 o respons\u00e1vel pelos processos e servi\u00e7os de comunica\u00e7\u00e3o da UFPEL com seus p\u00fablicos internos e externos em conson\u00e2ncia com os objetivos da Universidade.<\/p>\n<p>Compete ao N\u00facleo de Comunica\u00e7\u00e3o Institucional:<br \/>\nI \u2013 mediar o relacionamento da Institui\u00e7\u00e3o com a m\u00eddia, atendendo as demandas dos meios de comunica\u00e7\u00e3o e facilitando o acesso a fontes e informa\u00e7\u00f5es da Universidade;<br \/>\nII \u2013 planejar e executar peri\u00f3dicos institucionais;<br \/>\nIII \u2013 elaborar clipping di\u00e1rio eletr\u00f4nico, com as not\u00edcias publicadas na imprensa que dizem respeito \u00e0 UFPel;<br \/>\nIV \u2013 publicizar, atrav\u00e9s dos canais de comunica\u00e7\u00e3o da Universidade, periodicamente, as informa\u00e7\u00f5es atualizadas sobre o que acontece na UFPEL;<br \/>\nV \u2013 produzir, editar e divulgar material fotogr\u00e1fico e manter arquivo de fotografias para atender demandas jornal\u00edsticas e\/ou publicit\u00e1rias da institui\u00e7\u00e3o;<br \/>\nVI \u2013 elaborar notas oficiais, artigos, mat\u00e9rias e informes relacionados com as atividades da Universidade;<br \/>\nVII \u2013 divulgar as atividades da Universidade, atrav\u00e9s de programas de r\u00e1dio;<br \/>\nVIII \u2013 apurar e produzir mat\u00e9rias para r\u00e1dio, WebTv e TV;<br \/>\nIX \u2013 estabelecer diretrizes capazes de sustentar estrat\u00e9gias de gest\u00e3o da identidade visual da UFPel em diversas m\u00eddias e suportes, com o objetivo de promover a qualidade e unifica\u00e7\u00e3o da imagem institucional da Universidade;<br \/>\nX \u2013 produzir material gr\u00e1fico e digital para a Universidade;<br \/>\nXI \u2013 atender as unidades da UFPEL que desejem divulgar seus eventos por meio de pe\u00e7as gr\u00e1ficas;<br \/>\nXII \u2013 fiscalizar a qualidade das impress\u00f5es dos materiais e dos servi\u00e7os gr\u00e1ficos;<br \/>\nXIII \u2013 produzir an\u00fancios e chamadas para os canais de comunica\u00e7\u00e3o digitais e audiovisuais;<br \/>\nXIV \u2013 planejar a\u00e7\u00f5es de relacionamento com os p\u00fablicos da UFPel pelas redes digitais;<br \/>\nXV \u2013 manter os meios de comunica\u00e7\u00e3o digitais atualizados;<br \/>\nXVI \u2013 monitorar a utiliza\u00e7\u00e3o da marca UFPel, nas redes digitais conforme o Manual de Identidade Visual;<br \/>\nXVII \u2013 redigir convites e cerimoniais;<br \/>\nXVIII \u2013 recepcionar o p\u00fablico e autoridades em eventos solenes e visitas oficiais na UFPEL;<br \/>\nXIX \u2013 organizar e coordenar as solenidades de Cola\u00e7\u00e3o de Grau da UFPEL;<br \/>\nXX \u2013 prestar apoio a eventos solenes solicitados pela Reitoria e demais Unidades;<br \/>\nXXI \u2013 promover a boa imagem da institui\u00e7\u00e3o perante os p\u00fablicos interno e externo;<br \/>\nXXII \u2013 executar estrat\u00e9gias de comunica\u00e7\u00e3o, transmitindo informa\u00e7\u00f5es e orienta\u00e7\u00f5es sobre os valores, objetivos e a\u00e7\u00f5es da Universidade.<\/p>\n<p><strong><em>Chefe do N\u00facleo\u00a0<\/em><\/strong><\/p>\n<ul>\n<li><em>Jana\u00edna Buchweitz e Silva<\/em><\/li>\n<\/ul>\n<p><a href=\"https:\/\/ccs2.ufpel.edu.br\/wp\/contato\/\">Contato<\/a><\/p>\n","protected":false},"excerpt":{"rendered":"<p>O N\u00facleo de Comunica\u00e7\u00e3o Institucional \u00e9 o respons\u00e1vel pelos processos e servi\u00e7os de comunica\u00e7\u00e3o da UFPEL com seus p\u00fablicos internos e externos em conson\u00e2ncia com os objetivos da Universidade. Compete ao N\u00facleo de Comunica\u00e7\u00e3o Institucional: I \u2013 mediar o relacionamento da Institui\u00e7\u00e3o com a m\u00eddia, atendendo as demandas dos meios de comunica\u00e7\u00e3o e facilitando o [&hellip;]<\/p>\n","protected":false},"author":3,"featured_media":0,"parent":0,"menu_order":0,"comment_status":"closed","ping_status":"closed","template":"","meta":{"footnotes":""},"class_list":["post-25643","page","type-page","status-publish","hentry"],"jetpack_sharing_enabled":true,"_links":{"self":[{"href":"https:\/\/ccs2.ufpel.edu.br\/wp\/wp-json\/wp\/v2\/pages\/25643","targetHints":{"allow":["GET"]}}],"collection":[{"href":"https:\/\/ccs2.ufpel.edu.br\/wp\/wp-json\/wp\/v2\/pages"}],"about":[{"href":"https:\/\/ccs2.ufpel.edu.br\/wp\/wp-json\/wp\/v2\/types\/page"}],"author":[{"embeddable":true,"href":"https:\/\/ccs2.ufpel.edu.br\/wp\/wp-json\/wp\/v2\/users\/3"}],"replies":[{"embeddable":true,"href":"https:\/\/ccs2.ufpel.edu.br\/wp\/wp-json\/wp\/v2\/comments?post=25643"}],"version-history":[{"count":44,"href":"https:\/\/ccs2.ufpel.edu.br\/wp\/wp-json\/wp\/v2\/pages\/25643\/revisions"}],"predecessor-version":[{"id":129027,"href":"https:\/\/ccs2.ufpel.edu.br\/wp\/wp-json\/wp\/v2\/pages\/25643\/revisions\/129027"}],"wp:attachment":[{"href":"https:\/\/ccs2.ufpel.edu.br\/wp\/wp-json\/wp\/v2\/media?parent=25643"}],"curies":[{"name":"wp","href":"https:\/\/api.w.org\/{rel}","templated":true}]}}